{"id":10,"date":"2020-08-11T10:40:01","date_gmt":"2020-08-11T10:40:01","guid":{"rendered":"https:\/\/www.dzivojam.lv\/_bingo_\/sample-page-2\/"},"modified":"2025-01-09T16:22:19","modified_gmt":"2025-01-09T14:22:19","slug":"useful_information","status":"publish","type":"page","link":"https:\/\/www.dzivojam.lv\/lv\/useful_information\/","title":{"rendered":"Noder\u012bga inform\u0101cija"},"content":{"rendered":"<div data-elementor-type=\"wp-page\" data-elementor-id=\"10\" class=\"elementor elementor-10\">\n\t\t\t\t\t\t<section class=\"elementor-section elementor-top-section elementor-element elementor-element-559d7531 elementor-section-boxed elementor-section-height-default elementor-section-height-default\" data-id=\"559d7531\" data-element_type=\"section\">\n\t\t\t\t\t\t<div class=\"elementor-container elementor-column-gap-default\">\n\t\t\t\t\t<div class=\"elementor-column elementor-col-100 elementor-top-column elementor-element elementor-element-5ec00ed\" data-id=\"5ec00ed\" data-element_type=\"column\">\n\t\t\t<div class=\"elementor-widget-wrap elementor-element-populated\">\n\t\t\t\t\t\t<div class=\"elementor-element elementor-element-250a033f elementor-widget elementor-widget-text-editor\" data-id=\"250a033f\" data-element_type=\"widget\" data-widget_type=\"text-editor.default\">\n\t\t\t\t<div class=\"elementor-widget-container\">\n\t\t\t\t\t\t\t<h3><span lang=\"en\"><span><span>\u0160eit varb\u016bt kaut kad v\u0113l\u0101k ieliksim k\u0101du noder\u012bgu inform\u0101ciju ko palas\u012bties aiz neko dar\u012bt...<\/span><\/span><\/span><\/h3>\n<p><!-- \/wp:paragraph --><!-- wp:heading {\"level\":5} --><\/p>\n\n<p><!-- \/wp:heading --><!-- wp:paragraph {\"customFontSize\":15} --><\/p>\t\t\t\t\t\t<\/div>\n\t\t\t\t<\/div>\n\t\t\t\t\t<\/div>\n\t\t<\/div>\n\t\t\t\t\t<\/div>\n\t\t<\/section>\n\t\t\t\t<\/div>","protected":false},"excerpt":{"rendered":"<p>\u0160eit varb\u016bt kaut kad v\u0113l\u0101k ieliksim k\u0101du noder\u012bgu inform\u0101ciju ko palas\u012bties aiz neko dar\u012bt...<\/p>","protected":false},"author":1,"featured_media":0,"parent":0,"menu_order":0,"comment_status":"closed","ping_status":"closed","template":"","meta":{"footnotes":""},"class_list":["post-10","page","type-page","status-publish","hentry","post"],"_links":{"self":[{"href":"https:\/\/www.dzivojam.lv\/lv\/wp-json\/wp\/v2\/pages\/10","targetHints":{"allow":["GET"]}}],"collection":[{"href":"https:\/\/www.dzivojam.lv\/lv\/wp-json\/wp\/v2\/pages"}],"about":[{"href":"https:\/\/www.dzivojam.lv\/lv\/wp-json\/wp\/v2\/types\/page"}],"author":[{"embeddable":true,"href":"https:\/\/www.dzivojam.lv\/lv\/wp-json\/wp\/v2\/users\/1"}],"replies":[{"embeddable":true,"href":"https:\/\/www.dzivojam.lv\/lv\/wp-json\/wp\/v2\/comments?post=10"}],"version-history":[{"count":0,"href":"https:\/\/www.dzivojam.lv\/lv\/wp-json\/wp\/v2\/pages\/10\/revisions"}],"wp:attachment":[{"href":"https:\/\/www.dzivojam.lv\/lv\/wp-json\/wp\/v2\/media?parent=10"}],"curies":[{"name":"wp","href":"https:\/\/api.w.org\/{rel}","templated":true}]}}