{"id":17,"date":"2020-08-11T12:38:04","date_gmt":"2020-08-11T12:38:04","guid":{"rendered":"https:\/\/www.dzivojam.lv\/_bingo_\/home-page\/"},"modified":"2025-01-09T15:06:45","modified_gmt":"2025-01-09T13:06:45","slug":"home_page","status":"publish","type":"page","link":"https:\/\/www.dzivojam.lv\/lv\/","title":{"rendered":"Home Page"},"content":{"rendered":"<div id=\"pl-17\"  class=\"panel-layout\" ><div id=\"pg-17-0\"  class=\"panel-grid panel-no-style\" ><div id=\"pgc-17-0-0\"  class=\"panel-grid-cell\" ><div id=\"panel-17-0-0-0\" class=\"so-panel widget widget_text panel-first-child panel-last-child\" data-index=\"0\" >\t\t\t<div class=\"textwidget\"><p>\u0160\u012b t\u012bmek\u013ca lapa izmanto s\u012bkfailus. Ja turpin\u0101siet navig\u0101ciju pa \u0161o lapu, tie tiks autom\u0101tiski nos\u016bt\u012bti uz J\u016bsu datoru\/viedier\u012bci pakalpojumu nodro\u0161in\u0101\u0161anas nol\u016bk\u0101. Ar s\u012bk\u0101ku inform\u0101ciju par s\u012bkfailiem un personas datu aizsardz\u012bbu variet iepaz\u012bties \u0161eit: \u00a0<a href=\"https:\/\/www.dzivojam.lv\/lv\/privacy_policy\/\">priv\u0101tuma politika.<\/a><\/p>\n<\/div>\n\t\t<\/div><\/div><\/div><div id=\"pg-17-1\"  class=\"panel-grid panel-has-style\" ><div class=\"wide-grey panel-row-style panel-row-style-for-17-1\" ><div id=\"pgc-17-1-0\"  class=\"panel-grid-cell\" ><div id=\"panel-17-1-0-0\" class=\"so-panel widget widget_circleicon-widget panel-first-child panel-last-child\" data-index=\"1\" >\t\t<div class=\"circle-icon-box circle-icon-position-top circle-icon-hide-box circle-icon-size-medium\">\n\t\t\t\t\t\t\t<div class=\"circle-icon-wrapper\">\n\t\t\t\t\t\t\t\t\t\t<div class=\"circle-icon\" >\n\t\t\t\t\t\t\t\t\t\t\t\t\t<div class=\"fa fa-question-circle-o\" ><\/div>\n\t\t\t\t\t\t\t\t\t\t\t<\/div> \n\t\t\t\t\t\t\t\t\t<\/div>\n\t\t\t\n\t\t\t\t\t\t\t\t\t\t<h4 >\n\t\t\t\t\tKomunic\u0113jam un atbildam\t\t\t\t<\/h4>\n\t\t\t\t\t\t\n\t\t\t\t\t\t\t<p class=\"text\" >uz j\u016bsu e-pastiem 1x dien\u0101, darbdien\u0101s.<\/p>\n\t\t\t\t\t\t\t\t<\/div>\n\t\t<\/div><\/div><\/div><\/div><\/div>","protected":false},"excerpt":{"rendered":"<p>This website uses cookies. If You continue navigating this page, they will be automatically sent to Your computer\/smart device for service providing purposes. You can find more information about cookies and personal data protection here: \u00a0Privacy Policy.<\/p>","protected":false},"author":1,"featured_media":0,"parent":0,"menu_order":0,"comment_status":"closed","ping_status":"closed","template":"home-panels.php","meta":{"footnotes":""},"class_list":["post-17","page","type-page","status-publish","hentry","post"],"_links":{"self":[{"href":"https:\/\/www.dzivojam.lv\/lv\/wp-json\/wp\/v2\/pages\/17","targetHints":{"allow":["GET"]}}],"collection":[{"href":"https:\/\/www.dzivojam.lv\/lv\/wp-json\/wp\/v2\/pages"}],"about":[{"href":"https:\/\/www.dzivojam.lv\/lv\/wp-json\/wp\/v2\/types\/page"}],"author":[{"embeddable":true,"href":"https:\/\/www.dzivojam.lv\/lv\/wp-json\/wp\/v2\/users\/1"}],"replies":[{"embeddable":true,"href":"https:\/\/www.dzivojam.lv\/lv\/wp-json\/wp\/v2\/comments?post=17"}],"version-history":[{"count":0,"href":"https:\/\/www.dzivojam.lv\/lv\/wp-json\/wp\/v2\/pages\/17\/revisions"}],"wp:attachment":[{"href":"https:\/\/www.dzivojam.lv\/lv\/wp-json\/wp\/v2\/media?parent=17"}],"curies":[{"name":"wp","href":"https:\/\/api.w.org\/{rel}","templated":true}]}}