{"id":322,"date":"2020-08-11T10:40:01","date_gmt":"2020-08-11T07:40:01","guid":{"rendered":"https:\/\/www.dzivojam.lv\/_bingo_\/about-2\/"},"modified":"2025-01-09T02:02:06","modified_gmt":"2025-01-09T00:02:06","slug":"fairytales_for_adults","status":"publish","type":"page","link":"https:\/\/www.dzivojam.lv\/lv\/fairytales_for_adults\/","title":{"rendered":"Pasakas pieaugu\u0161ajiem"},"content":{"rendered":"<h5>\u0160aj\u0101 lapas sada\u013c\u0101 turpm\u0101k var\u0113siet las\u012bt da\u017e\u0101das interesantas \u201cpasakas\u201d pieaugu\u0161ajiem.<\/p>\n<\/h5>\n<p>\t\t\t\t\t\t\t\t\t\t\t\t\t<img fetchpriority=\"high\" decoding=\"async\" width=\"720\" height=\"397\" src=\"https:\/\/www.dzivojam.lv\/_bingo_\/wp-content\/uploads\/2025\/01\/UnderConstruction-768x423.jpg\" alt=\"\" srcset=\"https:\/\/www.dzivojam.lv\/_bingo_\/wp-content\/uploads\/2025\/01\/UnderConstruction-768x423.jpg 768w, https:\/\/www.dzivojam.lv\/_bingo_\/wp-content\/uploads\/2025\/01\/UnderConstruction-300x165.jpg 300w, https:\/\/www.dzivojam.lv\/_bingo_\/wp-content\/uploads\/2025\/01\/UnderConstruction-1024x565.jpg 1024w, https:\/\/www.dzivojam.lv\/_bingo_\/wp-content\/uploads\/2025\/01\/UnderConstruction-1536x847.jpg 1536w, https:\/\/www.dzivojam.lv\/_bingo_\/wp-content\/uploads\/2025\/01\/UnderConstruction-18x10.jpg 18w, https:\/\/www.dzivojam.lv\/_bingo_\/wp-content\/uploads\/2025\/01\/UnderConstruction-600x331.jpg 600w, https:\/\/www.dzivojam.lv\/_bingo_\/wp-content\/uploads\/2025\/01\/UnderConstruction.jpg 1703w\" sizes=\"(max-width: 720px) 100vw, 720px\" \/><\/p>","protected":false},"excerpt":{"rendered":"<p>\u0160aj\u0101 lapas sada\u013c\u0101 turpm\u0101k var\u0113siet las\u012bt da\u017e\u0101das interesantas \u201cpasakas\u201d pieaugu\u0161ajiem.<\/p>","protected":false},"author":1,"featured_media":0,"parent":0,"menu_order":0,"comment_status":"closed","ping_status":"closed","template":"","meta":{"footnotes":""},"class_list":["post-322","page","type-page","status-publish","hentry","post"],"_links":{"self":[{"href":"https:\/\/www.dzivojam.lv\/lv\/wp-json\/wp\/v2\/pages\/322","targetHints":{"allow":["GET"]}}],"collection":[{"href":"https:\/\/www.dzivojam.lv\/lv\/wp-json\/wp\/v2\/pages"}],"about":[{"href":"https:\/\/www.dzivojam.lv\/lv\/wp-json\/wp\/v2\/types\/page"}],"author":[{"embeddable":true,"href":"https:\/\/www.dzivojam.lv\/lv\/wp-json\/wp\/v2\/users\/1"}],"replies":[{"embeddable":true,"href":"https:\/\/www.dzivojam.lv\/lv\/wp-json\/wp\/v2\/comments?post=322"}],"version-history":[{"count":0,"href":"https:\/\/www.dzivojam.lv\/lv\/wp-json\/wp\/v2\/pages\/322\/revisions"}],"wp:attachment":[{"href":"https:\/\/www.dzivojam.lv\/lv\/wp-json\/wp\/v2\/media?parent=322"}],"curies":[{"name":"wp","href":"https:\/\/api.w.org\/{rel}","templated":true}]}}