{"id":325,"date":"2025-01-01T19:56:22","date_gmt":"2025-01-01T16:56:22","guid":{"rendered":"https:\/\/www.dzivojam.lv\/_bingo_\/?page_id=325"},"modified":"2025-01-23T10:17:35","modified_gmt":"2025-01-23T08:17:35","slug":"ballroom_dancing","status":"publish","type":"page","link":"https:\/\/www.dzivojam.lv\/lv\/ballroom_dancing\/","title":{"rendered":"Balles dejas"},"content":{"rendered":"<div data-elementor-type=\"wp-page\" data-elementor-id=\"325\" class=\"elementor elementor-325\">\n\t\t\t\t\t\t<section class=\"elementor-section elementor-top-section elementor-element elementor-element-6ee5653b elementor-section-boxed elementor-section-height-default elementor-section-height-default\" data-id=\"6ee5653b\" data-element_type=\"section\">\n\t\t\t\t\t\t<div class=\"elementor-container elementor-column-gap-default\">\n\t\t\t\t\t<div class=\"elementor-column elementor-col-100 elementor-top-column elementor-element elementor-element-7bf1de7f\" data-id=\"7bf1de7f\" data-element_type=\"column\">\n\t\t\t<div class=\"elementor-widget-wrap elementor-element-populated\">\n\t\t\t\t\t\t<div class=\"elementor-element elementor-element-6e4f2486 elementor-widget elementor-widget-text-editor\" data-id=\"6e4f2486\" data-element_type=\"widget\" data-widget_type=\"text-editor.default\">\n\t\t\t\t<div class=\"elementor-widget-container\">\n\t\t\t\t\t\t\t<p>Kad J\u016bs iem\u0101c\u0101ties dejot balles dejas, J\u016bs saj\u016btaties k\u0101 tauri\u0146i, kas lidin\u0101s pusmetru virs zemes...<br \/>Un kad J\u016bs iem\u0101c\u0101ties no\u0137ert \u0161o saj\u016btu, Jums iek\u0161\u0101 s\u0101k dejot mazi tauren\u012b\u0161i...<br \/>T\u0101p\u0113c ir v\u0113rts atcer\u0113ties, ka k\u0101ds nenoz\u012bm\u012bgs dejas sol\u012btis \u0161odien, var izmain\u012bt k\u0101du noz\u012bm\u012bgu J\u016bsu dz\u012bves notikumu n\u0101kotn\u0113.<br \/>L\u016bk, tr\u012bsk\u0101r\u0161ais \"tauri\u0146a efekts\"! <img decoding=\"async\" class=\"emoji\" role=\"img\" draggable=\"false\" src=\"https:\/\/s.w.org\/images\/core\/emoji\/15.0.3\/svg\/1f642.svg\" alt=\"\ud83d\ude42\" \/><\/p>\t\t\t\t\t\t<\/div>\n\t\t\t\t<\/div>\n\t\t\t\t\t<\/div>\n\t\t<\/div>\n\t\t\t\t\t<\/div>\n\t\t<\/section>\n\t\t\t\t<section class=\"elementor-section elementor-top-section elementor-element elementor-element-4db34a3 elementor-section-boxed elementor-section-height-default elementor-section-height-default\" data-id=\"4db34a3\" data-element_type=\"section\">\n\t\t\t\t\t\t<div class=\"elementor-container elementor-column-gap-default\">\n\t\t\t\t\t<div class=\"elementor-column elementor-col-100 elementor-top-column elementor-element elementor-element-ba0833c\" data-id=\"ba0833c\" data-element_type=\"column\">\n\t\t\t<div class=\"elementor-widget-wrap elementor-element-populated\">\n\t\t\t\t\t\t<div class=\"elementor-element elementor-element-f73696c elementor-widget elementor-widget-image\" data-id=\"f73696c\" data-element_type=\"widget\" data-widget_type=\"image.default\">\n\t\t\t\t<div class=\"elementor-widget-container\">\n\t\t\t\t\t\t\t\t\t\t\t\t\t<img fetchpriority=\"high\" decoding=\"async\" width=\"246\" height=\"360\" src=\"https:\/\/www.dzivojam.lv\/_bingo_\/wp-content\/uploads\/2025\/01\/TaurinaEfekts.jpg\" class=\"attachment-large size-large wp-image-399\" alt=\"\" srcset=\"https:\/\/www.dzivojam.lv\/_bingo_\/wp-content\/uploads\/2025\/01\/TaurinaEfekts.jpg 246w, https:\/\/www.dzivojam.lv\/_bingo_\/wp-content\/uploads\/2025\/01\/TaurinaEfekts-205x300.jpg 205w, https:\/\/www.dzivojam.lv\/_bingo_\/wp-content\/uploads\/2025\/01\/TaurinaEfekts-8x12.jpg 8w\" sizes=\"(max-width: 246px) 100vw, 246px\" \/>\t\t\t\t\t\t\t\t\t\t\t\t\t<\/div>\n\t\t\t\t<\/div>\n\t\t\t\t<div class=\"elementor-element elementor-element-49a6130 elementor-widget elementor-widget-image\" data-id=\"49a6130\" data-element_type=\"widget\" data-widget_type=\"image.default\">\n\t\t\t\t<div class=\"elementor-widget-container\">\n\t\t\t\t\t\t\t\t\t\t\t\t\t<img decoding=\"async\" width=\"720\" height=\"988\" src=\"https:\/\/www.dzivojam.lv\/_bingo_\/wp-content\/uploads\/2025\/01\/Taurinburbulis.jpg\" class=\"attachment-large size-large wp-image-404\" alt=\"\" srcset=\"https:\/\/www.dzivojam.lv\/_bingo_\/wp-content\/uploads\/2025\/01\/Taurinburbulis.jpg 736w, https:\/\/www.dzivojam.lv\/_bingo_\/wp-content\/uploads\/2025\/01\/Taurinburbulis-219x300.jpg 219w, https:\/\/www.dzivojam.lv\/_bingo_\/wp-content\/uploads\/2025\/01\/Taurinburbulis-9x12.jpg 9w, https:\/\/www.dzivojam.lv\/_bingo_\/wp-content\/uploads\/2025\/01\/Taurinburbulis-600x823.jpg 600w\" sizes=\"(max-width: 720px) 100vw, 720px\" \/>\t\t\t\t\t\t\t\t\t\t\t\t\t<\/div>\n\t\t\t\t<\/div>\n\t\t\t\t\t<\/div>\n\t\t<\/div>\n\t\t\t\t\t<\/div>\n\t\t<\/section>\n\t\t\t\t<\/div>","protected":false},"excerpt":{"rendered":"<p>When You learned to ballroom dancing, You feel like butterflies floating half a meter above the ground&#8230;And when You learned to capture this feeling, little butterflies will start dancing inside You&#8230;So it&#8217;s worth remembering that a small dance move today can change a significant event in Your life in the future.Here it is &#8211; the [&hellip;]<\/p>","protected":false},"author":1,"featured_media":0,"parent":0,"menu_order":0,"comment_status":"closed","ping_status":"closed","template":"","meta":{"footnotes":""},"class_list":["post-325","page","type-page","status-publish","hentry","post"],"_links":{"self":[{"href":"https:\/\/www.dzivojam.lv\/lv\/wp-json\/wp\/v2\/pages\/325","targetHints":{"allow":["GET"]}}],"collection":[{"href":"https:\/\/www.dzivojam.lv\/lv\/wp-json\/wp\/v2\/pages"}],"about":[{"href":"https:\/\/www.dzivojam.lv\/lv\/wp-json\/wp\/v2\/types\/page"}],"author":[{"embeddable":true,"href":"https:\/\/www.dzivojam.lv\/lv\/wp-json\/wp\/v2\/users\/1"}],"replies":[{"embeddable":true,"href":"https:\/\/www.dzivojam.lv\/lv\/wp-json\/wp\/v2\/comments?post=325"}],"version-history":[{"count":0,"href":"https:\/\/www.dzivojam.lv\/lv\/wp-json\/wp\/v2\/pages\/325\/revisions"}],"wp:attachment":[{"href":"https:\/\/www.dzivojam.lv\/lv\/wp-json\/wp\/v2\/media?parent=325"}],"curies":[{"name":"wp","href":"https:\/\/api.w.org\/{rel}","templated":true}]}}