{"id":329,"date":"2020-08-11T10:40:01","date_gmt":"2020-08-11T07:40:01","guid":{"rendered":"https:\/\/www.dzivojam.lv\/_bingo_\/news-2\/"},"modified":"2025-01-02T21:05:22","modified_gmt":"2025-01-02T18:05:22","slug":"announcements","status":"publish","type":"page","link":"https:\/\/www.dzivojam.lv\/lv\/announcements\/","title":{"rendered":"Sludin\u0101jumi"},"content":{"rendered":"<h5><span class=\"HwtZe\" lang=\"en\"><span class=\"jCAhz ChMk0b\"><span class=\"ryNqvb\">J\u016bs esat non\u0101cis sludin\u0101jumu lap\u0101 - izv\u0113laties no Sludin\u0101jumu izv\u0113lnes k\u0101da veida sludin\u0101jumu v\u0113laties ievietot un sekojiet instrukcij\u0101m uz ekr\u0101na.<\/span><\/span><\/span><\/h5>\n<h5><span class=\"HwtZe\" lang=\"en\"><span class=\"jCAhz ChMk0b\"><span class=\"ryNqvb\"><span style=\"color: #800080;\">M\u0113s paturam ties\u012bbas nepublic\u0113t, vai dz\u0113st jau public\u0113tu sludin\u0101jumu, p\u0113c saviem ieskatiem, nepaskaidrojot iemeslu, k\u0101 ar\u012b neuz\u0146emamies nek\u0101du atbild\u012bbu par sludin\u0101jumos pausto zi\u0146u patiesumu!<\/span><br \/>\n<\/span><\/span><\/span><\/h5>","protected":false},"excerpt":{"rendered":"<p>You have arrived at the ads page &#8211; select from the Announcements drop down menu what type of ad You want to place and follow the instructions on the screen. We reserve the right not to publish or delete an already published advertisement at our discretion, without explaining the reason, and we do not assume [&hellip;]<\/p>","protected":false},"author":1,"featured_media":0,"parent":0,"menu_order":0,"comment_status":"closed","ping_status":"closed","template":"","meta":{"footnotes":""},"class_list":["post-329","page","type-page","status-publish","hentry","post"],"_links":{"self":[{"href":"https:\/\/www.dzivojam.lv\/lv\/wp-json\/wp\/v2\/pages\/329","targetHints":{"allow":["GET"]}}],"collection":[{"href":"https:\/\/www.dzivojam.lv\/lv\/wp-json\/wp\/v2\/pages"}],"about":[{"href":"https:\/\/www.dzivojam.lv\/lv\/wp-json\/wp\/v2\/types\/page"}],"author":[{"embeddable":true,"href":"https:\/\/www.dzivojam.lv\/lv\/wp-json\/wp\/v2\/users\/1"}],"replies":[{"embeddable":true,"href":"https:\/\/www.dzivojam.lv\/lv\/wp-json\/wp\/v2\/comments?post=329"}],"version-history":[{"count":0,"href":"https:\/\/www.dzivojam.lv\/lv\/wp-json\/wp\/v2\/pages\/329\/revisions"}],"wp:attachment":[{"href":"https:\/\/www.dzivojam.lv\/lv\/wp-json\/wp\/v2\/media?parent=329"}],"curies":[{"name":"wp","href":"https:\/\/api.w.org\/{rel}","templated":true}]}}