{"id":340,"date":"2020-08-11T10:40:01","date_gmt":"2020-08-11T07:40:01","guid":{"rendered":"https:\/\/www.dzivojam.lv\/_bingo_\/fairytales_for_adults-2\/"},"modified":"2026-05-03T12:32:53","modified_gmt":"2026-05-03T10:32:53","slug":"news_posters","status":"publish","type":"page","link":"https:\/\/www.dzivojam.lv\/lv\/news_posters\/","title":{"rendered":"Jaunumi, afi\u0161as"},"content":{"rendered":"<div data-elementor-type=\"wp-page\" data-elementor-id=\"340\" class=\"elementor elementor-340\">\n\t\t\t\t\t\t<section class=\"elementor-section elementor-top-section elementor-element elementor-element-11f815d4 elementor-section-boxed elementor-section-height-default elementor-section-height-default\" data-id=\"11f815d4\" data-element_type=\"section\">\n\t\t\t\t\t\t<div class=\"elementor-container elementor-column-gap-default\">\n\t\t\t\t\t<div class=\"elementor-column elementor-col-100 elementor-top-column elementor-element elementor-element-74192f9e\" data-id=\"74192f9e\" data-element_type=\"column\">\n\t\t\t<div class=\"elementor-widget-wrap elementor-element-populated\">\n\t\t\t\t\t\t<div class=\"elementor-element elementor-element-15161e8 elementor-widget elementor-widget-heading\" data-id=\"15161e8\" data-element_type=\"widget\" data-widget_type=\"heading.default\">\n\t\t\t\t<div class=\"elementor-widget-container\">\n\t\t\t<h5 class=\"elementor-heading-title elementor-size-default\">Laipni aicin\u0101ti jaunumu lap\u0101!<br><\/h5>\t\t<\/div>\n\t\t\t\t<\/div>\n\t\t\t\t\t<\/div>\n\t\t<\/div>\n\t\t\t\t\t<\/div>\n\t\t<\/section>\n\t\t\t\t<section class=\"elementor-section elementor-top-section elementor-element elementor-element-97633f0 elementor-section-boxed elementor-section-height-default elementor-section-height-default\" data-id=\"97633f0\" data-element_type=\"section\">\n\t\t\t\t\t\t<div class=\"elementor-container elementor-column-gap-default\">\n\t\t\t\t\t<div class=\"elementor-column elementor-col-100 elementor-top-column elementor-element elementor-element-e9246aa\" data-id=\"e9246aa\" data-element_type=\"column\">\n\t\t\t<div class=\"elementor-widget-wrap elementor-element-populated\">\n\t\t\t\t\t\t<div class=\"elementor-element elementor-element-8106603 elementor-widget elementor-widget-text-editor\" data-id=\"8106603\" data-element_type=\"widget\" data-widget_type=\"text-editor.default\">\n\t\t\t\t<div class=\"elementor-widget-container\">\n\t\t\t\t\t\t\t<h5>Kr\u0101sain\u0101 un kontrastain\u0101 &#8220;Piene\u0146u zelta&#8221; balle aizvad\u012bta, paldies visiem, kuri piedal\u012bj\u0101s!<\/h5><h5>Paldies ar\u012b tiem, kas ats\u016btija savas atsauksmes!<\/h5><h5>Uz tik\u0161anos cit\u0101s ball\u0113s!<\/h5>\t\t\t\t\t\t<\/div>\n\t\t\t\t<\/div>\n\t\t\t\t\t<\/div>\n\t\t<\/div>\n\t\t\t\t\t<\/div>\n\t\t<\/section>\n\t\t\t\t<section class=\"elementor-section elementor-top-section elementor-element elementor-element-38c7406 elementor-section-boxed elementor-section-height-default elementor-section-height-default\" data-id=\"38c7406\" data-element_type=\"section\">\n\t\t\t\t\t\t<div class=\"elementor-container elementor-column-gap-default\">\n\t\t\t\t\t<div class=\"elementor-column elementor-col-100 elementor-top-column elementor-element elementor-element-2d6bb33\" data-id=\"2d6bb33\" data-element_type=\"column\">\n\t\t\t<div class=\"elementor-widget-wrap elementor-element-populated\">\n\t\t\t\t\t\t<div class=\"elementor-element elementor-element-8d9024f elementor-widget elementor-widget-image\" data-id=\"8d9024f\" data-element_type=\"widget\" data-widget_type=\"image.default\">\n\t\t\t\t<div class=\"elementor-widget-container\">\n\t\t\t\t\t\t\t\t\t\t\t\t\t<img fetchpriority=\"high\" decoding=\"async\" width=\"720\" height=\"960\" src=\"https:\/\/www.dzivojam.lv\/_bingo_\/wp-content\/uploads\/2026\/05\/PienenuZeltsImg3-768x1024.jpg\" class=\"attachment-large size-large wp-image-490\" alt=\"\" srcset=\"https:\/\/www.dzivojam.lv\/_bingo_\/wp-content\/uploads\/2026\/05\/PienenuZeltsImg3-768x1024.jpg 768w, https:\/\/www.dzivojam.lv\/_bingo_\/wp-content\/uploads\/2026\/05\/PienenuZeltsImg3-225x300.jpg 225w, https:\/\/www.dzivojam.lv\/_bingo_\/wp-content\/uploads\/2026\/05\/PienenuZeltsImg3-1152x1536.jpg 1152w, https:\/\/www.dzivojam.lv\/_bingo_\/wp-content\/uploads\/2026\/05\/PienenuZeltsImg3-9x12.jpg 9w, https:\/\/www.dzivojam.lv\/_bingo_\/wp-content\/uploads\/2026\/05\/PienenuZeltsImg3-600x800.jpg 600w, https:\/\/www.dzivojam.lv\/_bingo_\/wp-content\/uploads\/2026\/05\/PienenuZeltsImg3.jpg 1200w\" sizes=\"(max-width: 720px) 100vw, 720px\" \/>\t\t\t\t\t\t\t\t\t\t\t\t\t<\/div>\n\t\t\t\t<\/div>\n\t\t\t\t\t<\/div>\n\t\t<\/div>\n\t\t\t\t\t<\/div>\n\t\t<\/section>\n\t\t\t\t<\/div>","protected":false},"excerpt":{"rendered":"<p>Welcome to the News page. Kr\u0101sain\u0101 un kontrastain\u0101 &#8220;Piene\u0146u zelta&#8221; balle aizvad\u012bta, paldies visiem, kuri piedal\u012bj\u0101s! Paldies ar\u012b tiem, kas ats\u016btija savas atsauksmes! Uz tik\u0161anos cit\u0101s ball\u0113s!<\/p>","protected":false},"author":1,"featured_media":0,"parent":0,"menu_order":0,"comment_status":"closed","ping_status":"closed","template":"","meta":{"footnotes":""},"class_list":["post-340","page","type-page","status-publish","hentry","post"],"_links":{"self":[{"href":"https:\/\/www.dzivojam.lv\/lv\/wp-json\/wp\/v2\/pages\/340","targetHints":{"allow":["GET"]}}],"collection":[{"href":"https:\/\/www.dzivojam.lv\/lv\/wp-json\/wp\/v2\/pages"}],"about":[{"href":"https:\/\/www.dzivojam.lv\/lv\/wp-json\/wp\/v2\/types\/page"}],"author":[{"embeddable":true,"href":"https:\/\/www.dzivojam.lv\/lv\/wp-json\/wp\/v2\/users\/1"}],"replies":[{"embeddable":true,"href":"https:\/\/www.dzivojam.lv\/lv\/wp-json\/wp\/v2\/comments?post=340"}],"version-history":[{"count":0,"href":"https:\/\/www.dzivojam.lv\/lv\/wp-json\/wp\/v2\/pages\/340\/revisions"}],"wp:attachment":[{"href":"https:\/\/www.dzivojam.lv\/lv\/wp-json\/wp\/v2\/media?parent=340"}],"curies":[{"name":"wp","href":"https:\/\/api.w.org\/{rel}","templated":true}]}}