{"id":341,"date":"2020-08-11T10:40:01","date_gmt":"2020-08-11T07:40:01","guid":{"rendered":"https:\/\/www.dzivojam.lv\/_bingo_\/fairytales_for_adults-2\/"},"modified":"2025-01-02T17:32:17","modified_gmt":"2025-01-02T14:32:17","slug":"dance_history","status":"publish","type":"page","link":"https:\/\/www.dzivojam.lv\/lv\/dance_history\/","title":{"rendered":"Deju v\u0113sture"},"content":{"rendered":"<p>Balles dej\u0101m ir bag\u0101ta un daudzveid\u012bga v\u0113sture, kas aizs\u0101k\u0101s jau daudzus gadsimtus atpaka\u013c, jo cilv\u0113kiem izsenis ir paticis ritmiski kust\u0113ties un ar\u012b izr\u0101d\u012bties viens otram. To pirms\u0101kumi mekl\u0113jami 16. un 17. gadsimta Eiropas galmos, kur t\u0101s galvenok\u0101rt izpild\u012bja mui\u017eniec\u012bba un aristokr\u0101tija k\u0101 savdab\u012bgu izklaides veidu. \u0160aj\u0101 laik\u0101 popul\u0101ri bija t\u0101di deju stili k\u0101 menuets un polon\u0113ze, kas ir atv\u0113rta stila galma augstma\u0146u dejas. <\/p><p>17. gadsimta beig\u0101s un 18. gadsimta s\u0101kum\u0101 par\u0101dij\u0101s pirm\u0101s pus-cie\u0161\u0101 satv\u0113riena dejas - alemande un landlers ar apgriezieniem - kaut kas l\u012bdz\u012bgs m\u016bsdienu valsim. Uzskata, ka val\u0161a pirms\u0101kumi mekl\u0113jami no 1787.-1797. gadiem Austrij\u0101, tap\u0113c \u0161\u012b deja tika nosaukta par V\u012bnes valsi. V\u0113l\u0101k ap 1810. gadu valsis k\u013cuva popul\u0101rs ar\u012b V\u0101cij\u0101, kur tika dejots \u0101tr\u0101k\u0101 temp\u0101 un ir uzskat\u0101ms par m\u016bsdienu val\u0161a tie\u0161u priek\u0161teci. T\u0101p\u0113c Eirop\u0101 (ar\u012b pie mums) to bie\u017ei sauc ar\u012b par apa\u013co valsi.  Vel apm\u0113ram p\u0113c pusgadsimta valsis nok\u013cuva Anglij\u0101, kur konservat\u012bvie ang\u013ci to s\u0101ka dejot iev\u0113rojami l\u0113n\u0101k\u0101 temp\u0101, t\u0101p\u0113c m\u016bsdien\u0101s tam dots nosaukums l\u0113nais valsis, jeb Ang\u013cu valsis. Tom\u0113r abi \u0161ie val\u0161i ir dejojami 3\/4 m\u016bzikas taktsm\u0113r\u0101, tikai at\u0161\u0137ir\u012bgos tempos.<br><\/p><p>Vidus\u0161\u0137ira nebij apmierin\u0101ta ar to, ka tikai augstma\u0146i var \u0161\u0101di izklaid\u0113ties, t\u0101p\u0113c izdom\u0101ja savu cie\u0161\u0101 satv\u0113riena deju - polku. Cik zin\u0101ms t\u0101s izcelsme mekl\u0101jama Boh\u0113mij\u0101 (tagad\u0113j\u0101 \u010cehijas republika) ap 1830. gadu. V\u0113l\u0101k polka strauji k\u013cuva popul\u0101ra ar\u012b Polij\u0101, kl\u0101t n\u0101ca ar\u012b mazurka. Ap 1850. gadu polku dejoja jau ar\u012b V\u0101cij\u0101 un ASV.<br><\/p><p>19. gadsimta beig\u0101s ar\u012b citas balles dejas ieguva popularit\u0101ti \u0101rpus aristokr\u0101tijas un k\u013cuva pieejam\u0101kas vidus\u0161\u0137irai. T\u0101s pamaz\u0101m tika papildin\u0101tas ar sare\u017e\u0123\u012bt\u0101k\u0101m fig\u016br\u0101m, kur dejot\u0101ji demonstr\u0113ja savas prasmes k\u0101 vien var\u0113ja un m\u0101c\u0113ja. \u0160\u0101da veida sacens\u012bbu par\u0101d\u012b\u0161an\u0101s noveda pie balles deju stilu un pa\u0146\u0113mienu standartiz\u0113\u0161anas, da\u017e\u0101du deju organiz\u0101ciju un biedr\u012bbu izveides.<br><\/p><p>1924. gad\u0101 tika nodibin\u0101ta Starptautisk\u0101 deju sporta feder\u0101cija (IDSF), kas k\u013cuva par sacens\u012bbu deju p\u0101rvaldes instit\u016bciju. IDSF nodro\u0161in\u0101ja platformu dejot\u0101jiem no visas pasaules, lai tie sacenstos un noteiktu standartus da\u017e\u0101diem deju stiliem. T\u0101 joproj\u0101m turpina organiz\u0113t starptautiskas deju sacens\u012bbas un populariz\u0113t balles dejas k\u0101 sporta veidu, tap\u0113c t\u0101s ieguva nosaukumu - sporta dejas. Pirm\u0101s no sacens\u012bbu balles dej\u0101m bija valsis, tango, fokstrots un kviksteps, nedaudz vel\u0101k t\u0101m tika pievienots ar\u012b  l\u0113nais valsis, rumba, \u010da-\u010da-\u010da un samba. K\u0101 p\u0113d\u0113j\u0101s sporta deju sacens\u012bb\u0101s ien\u0101ca d\u017eaivs un passadoble.<br><\/p><p>20 gadsimta otraj\u0101 pus\u0113 ball\u0113s un klubos s\u0101ka dejot ar\u012b lat\u012b\u0146amerikas dejas rumbu, sambu, \u010da-\u010da-\u010da un Argent\u012bnas tango, k\u0101 ar\u012b t\u0101das dejas k\u0101 d\u017eaivu, regeju, rok-n-rolu, svingu, u.c., tom\u0113r daudzi t\u0101s joproj\u0101m neuzskata par \u012bst\u0101m (pieder\u012bg\u0101m) balles dej\u0101m.<br><\/p><p>Man \u013coti bie\u017ei ir n\u0101cies dzird\u0113t jaut\u0101jumu - ar ko tad \u012bsti at\u0161\u0137iras m\u016bsdienu balles deja no sporta dejas!? Man\u0101 skatijum\u0101 at\u0161\u0137ir\u012bbas nemaz nav tik daudz, tom\u0113r da\u017eas ir un t\u0101s \u0161eit piemin\u0113\u0161u. Balles dej\u0101s (jebkur\u0101 no t\u0101m) tiek dejotas vienk\u0101r\u0161\u0101kas deju fig\u016bras un netiek dejoti gari iestud\u0113ti deju so\u013cu virkn\u0113jumi, kaut vai t\u0101 iemesla d\u0113\u013c, ka t\u0101dus ball\u0113 izdejot nav iesp\u0113jams, jo uz deju gr\u012bdas visiem vnk nepietiek vietas. Ar\u012b dejas tehniskais izpildijums ir vienk\u0101r\u0161\u0101ks, toties m\u0101kslinieciski nekas neaizliedz izpausties, saprotams, ja tas netrauc\u0113 citiem dejot\u0101jiem. Da\u017e\u0101m dej\u0101m, k\u0101, piem\u0113ram, fokstrotam un rumbai, at\u0161\u0137iras ar\u012b dejas pamatso\u013ci, t\u0101p\u0113c past\u0101v balles fokstrots un balles rumba un, attiec\u012bgi, \u0161o deju sporta varianti. K\u0101 ar\u012b joproj\u0101m past\u0101v nerakst\u012bts balles deju likums, ka dejojot ball\u0113 v\u012brietis negrie\u017eas ap savu asi (k\u0101 sporta dej\u0101s) - respekt\u012bvi, nekad nepagrie\u017e muguru pret savu d\u0101mu (pagriezties dr\u012bkst tikai l\u012bdz pusei, saglab\u0101jot skatienu pret d\u0101mu). D\u0101mas, protams, dr\u012bkst virpu\u013cot un izcelt savu kr\u0101\u0161\u0146umu visos iesp\u0113jamos veidos. \ud83d\ude42<br><\/p><p>P\u0113d\u0113j\u0101s desmitgad\u0113s balles dejas ir guvu\u0161as pla\u0161u popularit\u0101ti un atzin\u012bbu gan k\u0101 sacens\u012bbu sporta veids (sauktas par sporta dej\u0101m), gan ar\u012b k\u0101 atp\u016btas deju veids (sauktas par balles vai sar\u012bkojumu dej\u0101m). \u0160\u012bs cie\u0161\u0101 satv\u0113riena dejas var apg\u016bt neskait\u0101m\u0101s deju skol\u0101s un studij\u0101s, kas r\u016bp\u0113jas par visu vecumu un prasmju l\u012bme\u0146a deju entuziastiem, un p\u0113c tam dejot sabiedriskos pas\u0101kumos, publiskos deju vakaros, vai sl\u0113gt\u0101s, presti\u017e\u0101s ball\u0113s un ball\u012bt\u0113s.<br>\u0160odien balles dejas tiek dejotas ar savu eleganci, graciozit\u0101ti un m\u0101ksliniecisko izteiksmi, kas aizrauj gan skat\u012bt\u0101jus, gan dejot\u0101jus.<br><\/p><p>Ar\u012b balles deju entuziastu klubi\u0146\u0161 ar nedaudz ma\u0123isku nosaukumu \"Tauri\u0146a efekts\" v\u0113las ieguld\u012bt savu artavu balles deju un kultur\u0101las atp\u016btas veida populariz\u0113\u0161an\u0101, un ja J\u016bs aizrauj deja, un dejo\u0161ana, tad esat non\u0101ku\u0161i \u012bstaj\u0101 viet\u0101. Lai kop\u0101 ar mums Jums izdodas dejot tikpat viegli un skaisti k\u0101 tauri\u0146iem pavasar\u012b! No\u0137eriet to saj\u016btu!<\/p>","protected":false},"excerpt":{"rendered":"<p>Ballroom dancing has a rich and varied history that dates back many centuries, as people have long enjoyed moving rhythmically and also showing off to each other. Its origins can be found in the 16th and 17th century European courts, where it was mainly performed by the nobility and aristocracy as a unique form of [&hellip;]<\/p>","protected":false},"author":1,"featured_media":0,"parent":0,"menu_order":0,"comment_status":"closed","ping_status":"closed","template":"","meta":{"footnotes":""},"class_list":["post-341","page","type-page","status-publish","hentry","post"],"_links":{"self":[{"href":"https:\/\/www.dzivojam.lv\/lv\/wp-json\/wp\/v2\/pages\/341","targetHints":{"allow":["GET"]}}],"collection":[{"href":"https:\/\/www.dzivojam.lv\/lv\/wp-json\/wp\/v2\/pages"}],"about":[{"href":"https:\/\/www.dzivojam.lv\/lv\/wp-json\/wp\/v2\/types\/page"}],"author":[{"embeddable":true,"href":"https:\/\/www.dzivojam.lv\/lv\/wp-json\/wp\/v2\/users\/1"}],"replies":[{"embeddable":true,"href":"https:\/\/www.dzivojam.lv\/lv\/wp-json\/wp\/v2\/comments?post=341"}],"version-history":[{"count":0,"href":"https:\/\/www.dzivojam.lv\/lv\/wp-json\/wp\/v2\/pages\/341\/revisions"}],"wp:attachment":[{"href":"https:\/\/www.dzivojam.lv\/lv\/wp-json\/wp\/v2\/media?parent=341"}],"curies":[{"name":"wp","href":"https:\/\/api.w.org\/{rel}","templated":true}]}}