{"id":365,"date":"2020-08-11T10:40:01","date_gmt":"2020-08-11T07:40:01","guid":{"rendered":"https:\/\/www.dzivojam.lv\/_bingo_\/gives_exchange-2\/"},"modified":"2025-01-09T13:32:25","modified_gmt":"2025-01-09T11:32:25","slug":"buy_sell","status":"publish","type":"page","link":"https:\/\/www.dzivojam.lv\/lv\/buy_sell\/","title":{"rendered":"P\u0113rk, p\u0101rdod"},"content":{"rendered":"<h4><strong>Sveicin\u0101ti sludin\u0101jumu lap\u0101!<\/strong><\/h4>\n<h5><span class=\"HwtZe\" lang=\"en\"><span class=\"jCAhz ChMk0b\"><span class=\"ryNqvb\">\u0160eit var ievietot sludin\u0101jumu, ja v\u0113laties kaut ko pirkt vai p\u0101rdot, saist\u012bb\u0101 ar dej\u0101m, vai dejo\u0161anu.<\/span><\/span><span class=\"jCAhz ChMk0b\"><span class=\"ryNqvb\"> Lai to izdar\u012btu, spiediet uz teksta \"<a href=\"https:\/\/www.dzivojam.lv\/lv\/submit_ad\/\">Sazi\u0146a<\/a>\" tad aizpildiet laukus, kas apz\u012bm\u0113ti ar zvaigzn\u012bti un spiediet pogu \"Nos\u016bt\u012bt\".<\/span><\/span><span class=\"jCAhz ChMk0b\"><span class=\"ryNqvb\"> J\u016bsu sludin\u0101jums tiks public\u0113ts apm\u0113ram 24 stundu laik\u0101 un b\u016bs akt\u012bvs vienu m\u0113nesi.<\/span><\/span><span class=\"jCAhz ChMk0b\"><span class=\"ryNqvb\"> Ja sludin\u0101jums Jums vairs nav vajadz\u012bgs, Jums tie\u0161i t\u0101pat j\u0101aizpilda un j\u0101nos\u016bta mums zi\u0146a - m\u0113s to izdz\u0113s\u012bsim apm\u0113ram 24 stundu laik\u0101.<\/span><\/span><\/span><span class=\"HwtZe\" lang=\"en\"><span class=\"jCAhz ChMk0b\"><span class=\"ryNqvb\"><br \/>\n<\/span><\/span><\/span><\/h5>\n<p><img fetchpriority=\"high\" decoding=\"async\" class=\"alignnone wp-image-417\" src=\"https:\/\/www.dzivojam.lv\/_bingo_\/wp-content\/uploads\/2025\/01\/Dejotaji8-300x113.jpg\" alt=\"\" width=\"1000\" height=\"375\" srcset=\"https:\/\/www.dzivojam.lv\/_bingo_\/wp-content\/uploads\/2025\/01\/Dejotaji8-300x113.jpg 300w, https:\/\/www.dzivojam.lv\/_bingo_\/wp-content\/uploads\/2025\/01\/Dejotaji8-18x7.jpg 18w, https:\/\/www.dzivojam.lv\/_bingo_\/wp-content\/uploads\/2025\/01\/Dejotaji8-600x225.jpg 600w, https:\/\/www.dzivojam.lv\/_bingo_\/wp-content\/uploads\/2025\/01\/Dejotaji8.jpg 640w\" sizes=\"(max-width: 1000px) 100vw, 1000px\" \/><\/p>","protected":false},"excerpt":{"rendered":"<p>Welcome to the Announcements page! You can place an ad here if You want to buy or sell something to someone, related to dances or dancing. To do this, click on the text &#8220;Communication&#8221; then fill in the fields marked with an asterisk and click the &#8220;Send&#8221; button. Your ad will be posted within about [&hellip;]<\/p>","protected":false},"author":1,"featured_media":0,"parent":0,"menu_order":0,"comment_status":"closed","ping_status":"closed","template":"","meta":{"footnotes":""},"class_list":["post-365","page","type-page","status-publish","hentry","post"],"_links":{"self":[{"href":"https:\/\/www.dzivojam.lv\/lv\/wp-json\/wp\/v2\/pages\/365","targetHints":{"allow":["GET"]}}],"collection":[{"href":"https:\/\/www.dzivojam.lv\/lv\/wp-json\/wp\/v2\/pages"}],"about":[{"href":"https:\/\/www.dzivojam.lv\/lv\/wp-json\/wp\/v2\/types\/page"}],"author":[{"embeddable":true,"href":"https:\/\/www.dzivojam.lv\/lv\/wp-json\/wp\/v2\/users\/1"}],"replies":[{"embeddable":true,"href":"https:\/\/www.dzivojam.lv\/lv\/wp-json\/wp\/v2\/comments?post=365"}],"version-history":[{"count":0,"href":"https:\/\/www.dzivojam.lv\/lv\/wp-json\/wp\/v2\/pages\/365\/revisions"}],"wp:attachment":[{"href":"https:\/\/www.dzivojam.lv\/lv\/wp-json\/wp\/v2\/media?parent=365"}],"curies":[{"name":"wp","href":"https:\/\/api.w.org\/{rel}","templated":true}]}}