{"id":368,"date":"2020-08-11T10:40:01","date_gmt":"2020-08-11T07:40:01","guid":{"rendered":"https:\/\/www.dzivojam.lv\/_bingo_\/buy_sell-2\/"},"modified":"2025-01-09T13:42:12","modified_gmt":"2025-01-09T11:42:12","slug":"invites_to_dance","status":"publish","type":"page","link":"https:\/\/www.dzivojam.lv\/lv\/invites_to_dance\/","title":{"rendered":"Aicina uz deju"},"content":{"rendered":"<h4><strong>Sveicin\u0101ti sludin\u0101jumu lap\u0101!<\/strong><\/h4>\n<h5><span class=\"HwtZe\" lang=\"en\"><span class=\"jCAhz ChMk0b\"><span class=\"ryNqvb\">\u0160eit varat ievietot sludin\u0101jumu, ja v\u0113laties atrast piem\u0113rotu komp\u0101niju, vai partneri deju pas\u0101kumam. Neaizmirstiet mums nor\u0101d\u012bt, vai v\u0113laties public\u0113t savu e-pastu, vai t\u0101lru\u0146a numuru! Lai ievietotu \u0161\u0101du sludin\u0101jumu, noklik\u0161\u0137iniet uz teksta \u201c<\/span><\/span><\/span><span class=\"HwtZe\" lang=\"en\"><span class=\"jCAhz ChMk0b\"><span class=\"ryNqvb\"><a href=\"https:\/\/www.dzivojam.lv\/lv\/submit_ad\/\">Sazi\u0146a<\/a><\/span><\/span><\/span><span class=\"HwtZe\" lang=\"en\"><span class=\"jCAhz ChMk0b\"><span class=\"ryNqvb\">\u201d, p\u0113c tam aizpildiet ar zvaigzn\u012bti atz\u012bm\u0113tos laukus un noklik\u0161\u0137iniet uz pogas \u201cS\u016bt\u012bt\u201d. J\u016bsu sludin\u0101jums tiks ievietots aptuveni 24 stundu laik\u0101 un b\u016bs akt\u012bvs vienu m\u0113nesi. Ja sludin\u0101jums vairs nav vajadz\u012bgs, atliek tikai nos\u016bt\u012bt mums zi\u0146u \u2013 m\u0113s to izdz\u0113s\u012bsim 24 stundu laik\u0101.<\/span><\/span><\/span><span class=\"HwtZe\" lang=\"en\"><span class=\"jCAhz ChMk0b\"><span class=\"ryNqvb\"><br \/>\n<\/span><\/span><\/span><\/h5>\n<p><img fetchpriority=\"high\" decoding=\"async\" class=\"alignnone wp-image-420 size-full\" src=\"https:\/\/www.dzivojam.lv\/_bingo_\/wp-content\/uploads\/2025\/01\/DejuParis2.png\" alt=\"\" width=\"1024\" height=\"1024\" srcset=\"https:\/\/www.dzivojam.lv\/_bingo_\/wp-content\/uploads\/2025\/01\/DejuParis2.png 1024w, https:\/\/www.dzivojam.lv\/_bingo_\/wp-content\/uploads\/2025\/01\/DejuParis2-300x300.png 300w, https:\/\/www.dzivojam.lv\/_bingo_\/wp-content\/uploads\/2025\/01\/DejuParis2-150x150.png 150w, https:\/\/www.dzivojam.lv\/_bingo_\/wp-content\/uploads\/2025\/01\/DejuParis2-768x768.png 768w, https:\/\/www.dzivojam.lv\/_bingo_\/wp-content\/uploads\/2025\/01\/DejuParis2-12x12.png 12w, https:\/\/www.dzivojam.lv\/_bingo_\/wp-content\/uploads\/2025\/01\/DejuParis2-375x375.png 375w, https:\/\/www.dzivojam.lv\/_bingo_\/wp-content\/uploads\/2025\/01\/DejuParis2-600x600.png 600w, https:\/\/www.dzivojam.lv\/_bingo_\/wp-content\/uploads\/2025\/01\/DejuParis2-100x100.png 100w\" sizes=\"(max-width: 1024px) 100vw, 1024px\" \/><\/p>","protected":false},"excerpt":{"rendered":"<p>Welcome to the Announcements page! You can place an ad here if You want to find a suitable company or partner for a dance event. Don&#8217;t forget to indicate us whether You want to publish Your e-mail or phone number! To place such an ad, click on the text &#8220;Communication&#8220;, then fill in the fields [&hellip;]<\/p>","protected":false},"author":1,"featured_media":0,"parent":0,"menu_order":0,"comment_status":"closed","ping_status":"closed","template":"","meta":{"footnotes":""},"class_list":["post-368","page","type-page","status-publish","hentry","post"],"_links":{"self":[{"href":"https:\/\/www.dzivojam.lv\/lv\/wp-json\/wp\/v2\/pages\/368","targetHints":{"allow":["GET"]}}],"collection":[{"href":"https:\/\/www.dzivojam.lv\/lv\/wp-json\/wp\/v2\/pages"}],"about":[{"href":"https:\/\/www.dzivojam.lv\/lv\/wp-json\/wp\/v2\/types\/page"}],"author":[{"embeddable":true,"href":"https:\/\/www.dzivojam.lv\/lv\/wp-json\/wp\/v2\/users\/1"}],"replies":[{"embeddable":true,"href":"https:\/\/www.dzivojam.lv\/lv\/wp-json\/wp\/v2\/comments?post=368"}],"version-history":[{"count":0,"href":"https:\/\/www.dzivojam.lv\/lv\/wp-json\/wp\/v2\/pages\/368\/revisions"}],"wp:attachment":[{"href":"https:\/\/www.dzivojam.lv\/lv\/wp-json\/wp\/v2\/media?parent=368"}],"curies":[{"name":"wp","href":"https:\/\/api.w.org\/{rel}","templated":true}]}}