{"id":373,"date":"2020-08-11T10:40:01","date_gmt":"2020-08-11T07:40:01","guid":{"rendered":"https:\/\/www.dzivojam.lv\/_bingo_\/fairytales_for_adults-2\/"},"modified":"2025-01-02T21:59:05","modified_gmt":"2025-01-02T18:59:05","slug":"chat","status":"publish","type":"page","link":"https:\/\/www.dzivojam.lv\/lv\/chat\/","title":{"rendered":"\u010cats"},"content":{"rendered":"<h5>\u0160aj\u0101 lapas sada\u013c\u0101 v\u0113l\u0101k varb\u016bt b\u016bs diskusijas par un ap deju t\u0113mu.<br \/>\nPagaid\u0101m \u0161eit par\u0101d\u012bsies atbildes uz J\u016bsu uzdotajiem jaut\u0101jumiem...<\/h5>\n<p><img fetchpriority=\"high\" decoding=\"async\" src=\"https:\/\/www.dzivojam.lv\/_bingo_\/wp-content\/uploads\/2025\/01\/UnderConstruction-768x423.jpg\" sizes=\"(max-width: 720px) 100vw, 720px\" srcset=\"https:\/\/www.dzivojam.lv\/_bingo_\/wp-content\/uploads\/2025\/01\/UnderConstruction-768x423.jpg 768w, https:\/\/www.dzivojam.lv\/_bingo_\/wp-content\/uploads\/2025\/01\/UnderConstruction-300x165.jpg 300w, https:\/\/www.dzivojam.lv\/_bingo_\/wp-content\/uploads\/2025\/01\/UnderConstruction-1024x565.jpg 1024w, https:\/\/www.dzivojam.lv\/_bingo_\/wp-content\/uploads\/2025\/01\/UnderConstruction-1536x847.jpg 1536w, https:\/\/www.dzivojam.lv\/_bingo_\/wp-content\/uploads\/2025\/01\/UnderConstruction-18x10.jpg 18w, https:\/\/www.dzivojam.lv\/_bingo_\/wp-content\/uploads\/2025\/01\/UnderConstruction-600x331.jpg 600w, https:\/\/www.dzivojam.lv\/_bingo_\/wp-content\/uploads\/2025\/01\/UnderConstruction.jpg 1703w\" alt=\"\" width=\"720\" height=\"397\" \/><\/p>","protected":false},"excerpt":{"rendered":"<p>This page may later contain discussions about and around the topic of dances. For now, the answers to Your questions will appear here&#8230;<\/p>","protected":false},"author":1,"featured_media":0,"parent":0,"menu_order":0,"comment_status":"closed","ping_status":"closed","template":"","meta":{"footnotes":""},"class_list":["post-373","page","type-page","status-publish","hentry","post"],"_links":{"self":[{"href":"https:\/\/www.dzivojam.lv\/lv\/wp-json\/wp\/v2\/pages\/373","targetHints":{"allow":["GET"]}}],"collection":[{"href":"https:\/\/www.dzivojam.lv\/lv\/wp-json\/wp\/v2\/pages"}],"about":[{"href":"https:\/\/www.dzivojam.lv\/lv\/wp-json\/wp\/v2\/types\/page"}],"author":[{"embeddable":true,"href":"https:\/\/www.dzivojam.lv\/lv\/wp-json\/wp\/v2\/users\/1"}],"replies":[{"embeddable":true,"href":"https:\/\/www.dzivojam.lv\/lv\/wp-json\/wp\/v2\/comments?post=373"}],"version-history":[{"count":0,"href":"https:\/\/www.dzivojam.lv\/lv\/wp-json\/wp\/v2\/pages\/373\/revisions"}],"wp:attachment":[{"href":"https:\/\/www.dzivojam.lv\/lv\/wp-json\/wp\/v2\/media?parent=373"}],"curies":[{"name":"wp","href":"https:\/\/api.w.org\/{rel}","templated":true}]}}