{"id":66,"date":"2020-08-11T10:40:01","date_gmt":"2020-08-11T10:40:01","guid":{"rendered":"https:\/\/www.dzivojam.lv\/_bingo_\/testpage-2\/"},"modified":"2025-01-09T15:20:20","modified_gmt":"2025-01-09T13:20:20","slug":"comments_feedback","status":"publish","type":"page","link":"https:\/\/www.dzivojam.lv\/lv\/comments_feedback\/","title":{"rendered":"Koment\u0101ri un atsauksmes"},"content":{"rendered":"<h5><span class=\"HwtZe\" lang=\"en\"><span class=\"jCAhz ChMk0b\"><span class=\"ryNqvb\">Ja v\u0113laties ierakst\u012bt koment\u0101ru, vai atsauksmi, dodaties uz sada\u013cu \"Sazi\u0146a\",<\/span><\/span><\/span><\/h5>\n<h5><span class=\"HwtZe\" lang=\"en\"><span class=\"jCAhz ChMk0b\"><span class=\"ryNqvb\">aizpildiet visus pras\u012btos lauci\u0146us un spiediet pogu \"S\u016bt\u012bt\".<\/span><\/span><\/span><\/h5>\n<h5><\/h5>\n<h5><img fetchpriority=\"high\" decoding=\"async\" class=\"alignnone wp-image-429\" src=\"https:\/\/www.dzivojam.lv\/_bingo_\/wp-content\/uploads\/2025\/01\/Dejotaji3-300x205.jpg\" alt=\"\" width=\"500\" height=\"342\" srcset=\"https:\/\/www.dzivojam.lv\/_bingo_\/wp-content\/uploads\/2025\/01\/Dejotaji3-300x205.jpg 300w, https:\/\/www.dzivojam.lv\/_bingo_\/wp-content\/uploads\/2025\/01\/Dejotaji3-18x12.jpg 18w, https:\/\/www.dzivojam.lv\/_bingo_\/wp-content\/uploads\/2025\/01\/Dejotaji3.jpg 351w\" sizes=\"(max-width: 500px) 100vw, 500px\" \/><br \/>\n(C) \"Tauri\u0146a efekts\" 2025<\/h5>","protected":false},"excerpt":{"rendered":"<p>If You want to write a comment or review, go to the &#8220;Communication&#8221; section, fill in all the required fields and click the &#8220;Send&#8221; button. (C) &#8220;Butterfly Effect&#8221; 2025<\/p>","protected":false},"author":1,"featured_media":0,"parent":0,"menu_order":0,"comment_status":"closed","ping_status":"closed","template":"","meta":{"footnotes":""},"class_list":["post-66","page","type-page","status-publish","hentry","post"],"_links":{"self":[{"href":"https:\/\/www.dzivojam.lv\/lv\/wp-json\/wp\/v2\/pages\/66","targetHints":{"allow":["GET"]}}],"collection":[{"href":"https:\/\/www.dzivojam.lv\/lv\/wp-json\/wp\/v2\/pages"}],"about":[{"href":"https:\/\/www.dzivojam.lv\/lv\/wp-json\/wp\/v2\/types\/page"}],"author":[{"embeddable":true,"href":"https:\/\/www.dzivojam.lv\/lv\/wp-json\/wp\/v2\/users\/1"}],"replies":[{"embeddable":true,"href":"https:\/\/www.dzivojam.lv\/lv\/wp-json\/wp\/v2\/comments?post=66"}],"version-history":[{"count":0,"href":"https:\/\/www.dzivojam.lv\/lv\/wp-json\/wp\/v2\/pages\/66\/revisions"}],"wp:attachment":[{"href":"https:\/\/www.dzivojam.lv\/lv\/wp-json\/wp\/v2\/media?parent=66"}],"curies":[{"name":"wp","href":"https:\/\/api.w.org\/{rel}","templated":true}]}}