{"id":70,"date":"2020-08-11T10:40:01","date_gmt":"2020-08-11T10:40:01","guid":{"rendered":"https:\/\/www.dzivojam.lv\/_bingo_\/?page_id=70"},"modified":"2025-01-09T16:09:45","modified_gmt":"2025-01-09T14:09:45","slug":"privacy_policy","status":"publish","type":"page","link":"https:\/\/www.dzivojam.lv\/lv\/privacy_policy\/","title":{"rendered":"Priv\u0101tuma politika"},"content":{"rendered":"<div data-elementor-type=\"wp-page\" data-elementor-id=\"70\" class=\"elementor elementor-70\">\n\t\t\t\t\t\t<section class=\"elementor-section elementor-top-section elementor-element elementor-element-53c0ed2 elementor-section-boxed elementor-section-height-default elementor-section-height-default\" data-id=\"53c0ed2\" data-element_type=\"section\">\n\t\t\t\t\t\t<div class=\"elementor-container elementor-column-gap-default\">\n\t\t\t\t\t<div class=\"elementor-column elementor-col-100 elementor-top-column elementor-element elementor-element-75e96f1b\" data-id=\"75e96f1b\" data-element_type=\"column\">\n\t\t\t<div class=\"elementor-widget-wrap elementor-element-populated\">\n\t\t\t\t\t\t<div class=\"elementor-element elementor-element-538d55a5 elementor-widget elementor-widget-text-editor\" data-id=\"538d55a5\" data-element_type=\"widget\" data-widget_type=\"text-editor.default\">\n\t\t\t\t<div class=\"elementor-widget-container\">\n\t\t\t\t\t\t\t<h4>T\u012bmek\u013ca vietnes s\u012bkdatnes\/s\u012bkfaili.<\/h4>\n<p class=\" translation-block\">\u0160\u012b t\u012bmek\u013ca lapa, t\u0101pat k\u0101 daudzas citas, izmanto s\u012bkdatnes\/s\u012bkfailus (cookies). Ien\u0101kot \u0161aj\u0101 t\u012bmek\u013ca lap\u0101, p\u0113c likumdo\u0161anas pras\u012bb\u0101m, J\u016bs redz\u0113j\u0101t zi\u0146ojumu par s\u012bkfailu izmanto\u0161anu. S\u012bkfaili ir nepiecie\u0161ami lai nodro\u0161in\u0101tu lapas optim\u0101lu darb\u012bbu. \u0160aj\u0101 lap\u0101 tiek izmantoti tikai tehniski (minim\u0101li) nepiecie\u0161amie s\u012bkfaili. M\u0113s neizmantojam anal\u012btiskos un marketinga s\u012bkfailus, ta\u010du t\u0101dus var izmantot citas interneta lapas, kuras var par\u0101d\u012bties, piem\u0113ram, rekl\u0101mas baneros.<br>\nM\u0113s nevaram nest un nenesam atbild\u012bbu par \u0161\u0101du tre\u0161o t\u012bmek\u013ca lapu izmantotajiem s\u012bkfailiem J\u016bsu dator\u0101!<br>\nS\u012bkdat\u0146u izmato\u0161anas tiesiskais pamats ir lietot\u0101ja piekri\u0161ana. Izlasot \u0161o tiek uzskat\u012bts, ka esat iepazinies ar inform\u0101ciju par s\u012bkdatn\u0113m, to izmanto\u0161anas nol\u016bkiem un piekr\u012btat to izmanto\u0161anai.<br>\nJ\u016bs jebkur\u0101 br\u012bd\u012b varat iziet no m\u016bsu lapas un atteikties (izdz\u0113st) m\u016bsu ierakst\u012btos s\u012bkfailus, bet Jums j\u0101saprot, ka t\u0101d\u0101 gadijum\u0101 m\u016bsu interneta lapa J\u016bsu dator\u0101 (viedier\u012bc\u0113) var nedarboties korekti, vai pat nedarboties pavisam.<\/p>\n<h4>S\u012bk\u0101ka inform\u0101cija par s\u012bkdatn\u0113m. Kas ir s\u012bkdatnes\/s\u012bkfaili.<\/h4>\n<p class=\" translation-block\">S\u012bkdatnes jeb s\u012bkfaili ir nelieli tekstveida faili, kas tiek ats\u016bt\u012bti uz J\u016bsu ier\u012bci, Jums apmekl\u0113jot attiec\u012bgo interneta vietni. S\u012bkdatnes pal\u012bdz atpaz\u012bt J\u016bsu ier\u012bci un pal\u012bdz izveidot optim\u0101lu un dro\u0161u komunik\u0101ciju ar serveri, kur fiziski atrodas t\u012bmek\u013ca lapa. <strong>S\u012bkdatnes nav v\u012brusi.<\/strong> S\u012bkdat\u0146u izmanto\u0161ana ir J\u016bsu ier\u012bc\u0113m un taj\u0101s eso\u0161ajai inform\u0101cijai piln\u012bgi dro\u0161a. S\u012bkdatnes nekur nes\u016bta J\u016bsu personas datus, paroles, bankas konta numurus un taml. inform\u0101ciju. Ta\u010du ja tiek izmantotas anal\u012btisk\u0101s un marketinga s\u012bkdatnes, tad t\u0101s var iev\u0101kt inform\u0101ciju par J\u016bsu apmekl\u0113taj\u0101m interneta lap\u0101m, par prec\u0113m, kuras ieg\u0101d\u0101j\u0101ties interneta veikalos, par to, ko mekl\u0113j\u0101t Googl\u0113 un taml.<\/p>\n<h4>S\u012bkdat\u0146u veidi un to pielietojums.<\/h4>\n<p class=\" translation-block\">S\u012bkdatnes\/s\u012bkfaili ir vair\u0101ku veidu. Pirmie ir tehniski nepiecie\u0161amie s\u012bkfaili. Pie t\u0101diem pieder, piem\u0113ram, sesijas s\u012bkfaili. Tie tiek ierakst\u012bti uz vienu interneta sesiju un darba beig\u0101s izdz\u0113sti. V\u0113l ir past\u0101v\u012bgie tehniskie s\u012bkfaili. Tie netiek izdz\u0113sti un glab\u0101jas J\u016bsu dator\u0101\/ier\u012bc\u0113, lai tiktu izmatoti n\u0101kamaj\u0101s sesij\u0101s, kad apmekl\u0113siet to pa\u0161u lapu. Tas iev\u0113rojami uzlabo lapu apmekl\u0113juma \u0101trdarb\u012bbu, t\u0101pat ar\u012b tie nepiecie\u0161ami dro\u0161\u012bbas nol\u016bkos. Bez daudziem no \u0161iem tehniskajiem s\u012bkfailiem m\u016bsdienu interneta lapas visp\u0101r nevar\u0113tu darboties.<br>\nTad ir pirm\u0101s puses s\u012bkfaili, ko visbie\u017e\u0101k izmanto anal\u012btiskiem uzdevumiem un marketingam. K\u0101 jau las\u012bj\u0101t augst\u0101k, m\u016bsu lapa tos neizmanto, vai izmanto pavisam minim\u0101li, tikai lai nodro\u0161in\u0101tu interneta veikala optim\u0101lu darb\u012bbu. Pirm\u0101s puses s\u012bkfailus var atpaz\u012bt p\u0113c to nosaukuma, jo tie satur m\u016bsu dom\u0113na v\u0101rdu.<br>\nUn v\u0113l ir tre\u0161\u0101s puses s\u012bkdatnes\/s\u012bkfaili, kas var tikt uzinstal\u0113ti no rekl\u0101mas baneriem, da\u017e\u0101diem skriptiem, palai\u017eot da\u017e\u0101das aizdom\u012bgas programmas, sp\u0113les un taml. \u0160os s\u012bkfailus var izmantot da\u017e\u0101diem m\u0113r\u0137iem, gan rekl\u0101mas komp\u0101nijas, taj\u0101 skait\u0101 ar\u012b Google, Facebook un citas, gan ar\u012b ne tik labiem m\u0113r\u0137iem, piem\u0113ram, lai izp\u0113t\u012btu J\u016bsu paradumus darb\u0101 ar datoru, k\u0101das interneta vietnes J\u016bs apmekl\u0113jat, lai noskaidrotu cik jaud\u012bgs dators Jums ir un taml. M\u0113s neatbalst\u0101m \u0161\u012bs tre\u0161\u0101s puses s\u012bkdatnes, ta\u010du nevaram piln\u012bb\u0101 izsl\u0113gt iesp\u0113jam\u012bbu, ka k\u0101da no t\u0101m var tikt ierakst\u012bta J\u016bsu dator\u0101, piem\u0113ram, nospie\u017eot uz k\u0101da linka uz \u0101r\u0113jo resursu m\u016bsu lap\u0101.<\/p>\n<h4>Personas piekri\u0161anas atcel\u0161ana un s\u012bkdat\u0146u izmanto\u0161anas ierobe\u017eo\u0161ana.<\/h4>\n<p class=\" translation-block\">S\u012bkdat\u0146u iestat\u012bjumus J\u016bs varat main\u012bt jebkur\u0101 laik\u0101 savas ier\u012bces Interneta p\u0101rl\u016bkprogramm\u0101. Piem\u0113ram, J\u016bs varat atcelt doto piekri\u0161anu s\u012bkdat\u0146u saglab\u0101\u0161anai atz\u012bm\u0113jot sav\u0101 p\u0101rl\u016bkprogramm\u0101 funkciju, kas \u013cauj noraid\u012bt visus s\u012bkdat\u0146u saglab\u0101\u0161anas priek\u0161likumus. \u0160os iestat\u012bjumus J\u016bs varat atrast savas interneta p\u0101rl\u016bkprogrammas izv\u0113ln\u0113s \u201cIesp\u0113jas\u201d vai \u201cPreferences\u201d. Tikai j\u0101patur pr\u0101t\u0101, ka pavisam aizliedzot s\u012bkdatnes var tikt trauc\u0113ta interneta lapu darb\u012bba, taj\u0101 skait\u0101 ar\u012b m\u016bsu lapas darb\u012bba.<br>\nVair\u0101k inform\u0101cijas par to, k\u0101 konfigur\u0113t savas ier\u012bces Interneta p\u0101rl\u016bkprogrammu J\u016bs varat atrast zem\u0101k nor\u0101d\u012btaj\u0101s Interneta p\u0101rl\u016bkprogrammu vietn\u0113s:<\/p>\n<ul>\n<li>Chrome:&nbsp;<a href=\"https:\/\/support.google.com\/chrome\/bin\/answer.py?hl=en&amp;answer=95647\">Google Chrome Help Center<\/a><\/li>\n<li>Edge:&nbsp;<a href=\"https:\/\/privacy.microsoft.com\/en-us\/windows-10-microsoft-edge-and-privacy\">Microsoft Edge, browsing data, and privacy<\/a><\/li>\n<li>Firefox:&nbsp;<a href=\"https:\/\/support.mozilla.org\/en-US\/kb\/cookies-information-websites-store-on-your-computer?redirectlocale=en-US&amp;redirectslug=Cookies\">Cookies \u2013 Information that websites store on your computer<\/a><\/li>\n<li>Safari:&nbsp;<a href=\"https:\/\/support.apple.com\/en-gb\/guide\/safari\/sfri11471\/mac\">Safari for macOS Sierra: Manage cookies and website data using Safari<\/a><\/li>\n<li>Opera:&nbsp;<a href=\"https:\/\/www.opera.com\/help\/tutorials\/security\/privacy\/\">Security and Privacy in Opera (Referrals, redirections, and cookies)<\/a><\/li>\n<\/ul>\n<h4>Personas datu aizsardz\u012bba.<\/h4>\n<p class=\" translation-block\">Visp\u0101r\u0113j\u0101 datu aizsardz\u012bbas regula garant\u0113, ka J\u016bsu personas dati no m\u016bsu puses tiks apstr\u0101d\u0101ti god\u012bgi, likum\u012bgi un p\u0101rredzami. Piln\u012bb\u0101 iev\u0113rojot \u0161o regulu m\u0113s v\u0101cam un izmantojam tikai t\u0101dus J\u016bsu personas datus, kas tie\u0161\u0101 veid\u0101 nepiecie\u0161ami tirdzniec\u012bbas (un citu m\u016bsu lap\u0101 pied\u0101v\u0101to) pakalpojumu nodro\u0161in\u0101\u0161anai. J\u016bsu dati glab\u0101sies aizsarg\u0101ti ar paroli un netiks izpausti tre\u0161aj\u0101m person\u0101m, iz\u0146emot likumdo\u0161an\u0101 paredz\u0113tos gad\u012bjumus un tie\u0161o nepiecie\u0161am\u012bbu, piem\u0113ram, pre\u010du pieg\u0101dei.<br>\nTom\u0113r p\u0113tijumi r\u0101da, ka absol\u016btais vair\u0101kums personas datu z\u0101dz\u012bbu notiek tie\u0161i klientu pus\u0113. Lai J\u016bsu personas dati b\u016btu piln\u012bb\u0101 aizsarg\u0101ti, ieteicams piev\u0113rst uzman\u012bbu un p\u0101rliecin\u0101ties, lai, piesl\u0113dzoties m\u016bsu i-veikalam, J\u016bsu personas datus neredz\u0113tu nepiedero\u0161as personas un lai tie tiktu pareizi glab\u0101ti. K\u0101 ar\u012b, lai tos nevar\u0113tu redz\u0113t\/nolas\u012bt caur J\u016bsu datoru\/viedier\u012bci ar taj\u0101 uzinstal\u0113tu v\u012brusu programmat\u016bru. M\u0113s iesak\u0101m regul\u0101ri main\u012bt pieteik\u0161an\u0101s paroles, t\u012br\u012bt datoru no v\u012brusiem, neizpaust tre\u0161aj\u0101m person\u0101m savu maks\u0101jumu kar\u0161u un citus datus, kurus izmantojat, lai nevar\u0113tu tikt p\u0101rk\u0101pta J\u016bsu personas datu dro\u0161\u012bba un konfidencialit\u0101te.<\/p>\n<h5><strong>Nov\u0113lam Jums <\/strong><strong><span lang=\"en\">dro\u0161u ce\u013co\u0161anu m\u016bsu deju pasaul\u0113 - \"Tauri\u0146a 3 efekts\"<\/span><\/strong><sup>\u00ae<\/sup><\/h5>\t\t\t\t\t\t<\/div>\n\t\t\t\t<\/div>\n\t\t\t\t\t<\/div>\n\t\t<\/div>\n\t\t\t\t\t<\/div>\n\t\t<\/section>\n\t\t\t\t<\/div>","protected":false},"excerpt":{"rendered":"<p>Website cookies. This website, like many others, uses cookies. When You visit this website, as required by law, You have seen a message about the use of cookies. Cookies are needed to ensure optimal site performance. This page uses only technically (minimally) required cookies. We do not use analytics and marketing cookies, but they may [&hellip;]<\/p>","protected":false},"author":1,"featured_media":0,"parent":0,"menu_order":0,"comment_status":"closed","ping_status":"closed","template":"","meta":{"footnotes":""},"class_list":["post-70","page","type-page","status-publish","hentry","post"],"_links":{"self":[{"href":"https:\/\/www.dzivojam.lv\/lv\/wp-json\/wp\/v2\/pages\/70","targetHints":{"allow":["GET"]}}],"collection":[{"href":"https:\/\/www.dzivojam.lv\/lv\/wp-json\/wp\/v2\/pages"}],"about":[{"href":"https:\/\/www.dzivojam.lv\/lv\/wp-json\/wp\/v2\/types\/page"}],"author":[{"embeddable":true,"href":"https:\/\/www.dzivojam.lv\/lv\/wp-json\/wp\/v2\/users\/1"}],"replies":[{"embeddable":true,"href":"https:\/\/www.dzivojam.lv\/lv\/wp-json\/wp\/v2\/comments?post=70"}],"version-history":[{"count":0,"href":"https:\/\/www.dzivojam.lv\/lv\/wp-json\/wp\/v2\/pages\/70\/revisions"}],"wp:attachment":[{"href":"https:\/\/www.dzivojam.lv\/lv\/wp-json\/wp\/v2\/media?parent=70"}],"curies":[{"name":"wp","href":"https:\/\/api.w.org\/{rel}","templated":true}]}}