{"id":85,"date":"2020-08-11T10:40:01","date_gmt":"2020-08-11T10:40:01","guid":{"rendered":"https:\/\/www.dzivojam.lv\/_bingo_\/privatuma-politika-lv-2\/"},"modified":"2025-01-15T22:51:17","modified_gmt":"2025-01-15T20:51:17","slug":"communication","status":"publish","type":"page","link":"https:\/\/www.dzivojam.lv\/lv\/communication\/","title":{"rendered":"Sazi\u0146a"},"content":{"rendered":"<div data-elementor-type=\"wp-page\" data-elementor-id=\"85\" class=\"elementor elementor-85\">\n\t\t\t\t\t\t<section class=\"elementor-section elementor-top-section elementor-element elementor-element-cb0d618 elementor-section-boxed elementor-section-height-default elementor-section-height-default\" data-id=\"cb0d618\" data-element_type=\"section\">\n\t\t\t\t\t\t<div class=\"elementor-container elementor-column-gap-default\">\n\t\t\t\t\t<div class=\"elementor-column elementor-col-100 elementor-top-column elementor-element elementor-element-577b7a73\" data-id=\"577b7a73\" data-element_type=\"column\">\n\t\t\t<div class=\"elementor-widget-wrap elementor-element-populated\">\n\t\t\t\t\t\t<div class=\"elementor-element elementor-element-18c95e6 elementor-widget elementor-widget-text-editor\" data-id=\"18c95e6\" data-element_type=\"widget\" data-widget_type=\"text-editor.default\">\n\t\t\t\t<div class=\"elementor-widget-container\">\n\t\t\t\t\t\t\t<p><span lang=\"en\"><span><span>\u0160\u012b lapas sada\u013ca dom\u0101ta komunik\u0101cijai.<\/span><\/span><span><span><\/span><\/span><\/span><\/p><p><span lang=\"en\"><span><span>\nHere, by selecting one of the subsections, You can send us a review, a suggestion, place an ad, or find a partner You like for Your next dance party and more.<\/span><\/span><\/span><\/p><p><span lang=\"en\"><span><span>Later, we may be also able to chat here.<\/span><\/span><\/span><span lang=\"en\"><span><span><\/span><\/span><\/span><\/p>\t\t\t\t\t\t<\/div>\n\t\t\t\t<\/div>\n\t\t\t\t\t<\/div>\n\t\t<\/div>\n\t\t\t\t\t<\/div>\n\t\t<\/section>\n\t\t\t\t<\/div>","protected":false},"excerpt":{"rendered":"<p>This section of the page is for communication. Here, by choosing one of the subsections, You can Register for Event, send us feedback, suggestions, place an ad, or find a partner You like for the next dance evening and more. You can read more about sending messages and invitations to dances in the &#8220;Announcements&#8221; section. [&hellip;]<\/p>","protected":false},"author":1,"featured_media":0,"parent":0,"menu_order":0,"comment_status":"closed","ping_status":"closed","template":"","meta":{"footnotes":""},"class_list":["post-85","page","type-page","status-publish","hentry","post"],"_links":{"self":[{"href":"https:\/\/www.dzivojam.lv\/lv\/wp-json\/wp\/v2\/pages\/85","targetHints":{"allow":["GET"]}}],"collection":[{"href":"https:\/\/www.dzivojam.lv\/lv\/wp-json\/wp\/v2\/pages"}],"about":[{"href":"https:\/\/www.dzivojam.lv\/lv\/wp-json\/wp\/v2\/types\/page"}],"author":[{"embeddable":true,"href":"https:\/\/www.dzivojam.lv\/lv\/wp-json\/wp\/v2\/users\/1"}],"replies":[{"embeddable":true,"href":"https:\/\/www.dzivojam.lv\/lv\/wp-json\/wp\/v2\/comments?post=85"}],"version-history":[{"count":0,"href":"https:\/\/www.dzivojam.lv\/lv\/wp-json\/wp\/v2\/pages\/85\/revisions"}],"wp:attachment":[{"href":"https:\/\/www.dzivojam.lv\/lv\/wp-json\/wp\/v2\/media?parent=85"}],"curies":[{"name":"wp","href":"https:\/\/api.w.org\/{rel}","templated":true}]}}